{"id":9,"date":"2024-05-06T09:17:05","date_gmt":"2024-05-06T07:17:05","guid":{"rendered":"http:\/\/www.bourget-nautic.fr\/?page_id=9"},"modified":"2025-07-03T19:51:10","modified_gmt":"2025-07-03T17:51:10","slug":"kontaktieren-sie-uns","status":"publish","type":"page","link":"https:\/\/www.bourget-nautic.fr\/de\/contacter-nous\/","title":{"rendered":"Kontakt"},"content":{"rendered":"<!--themify_builder_content-->\n<div id=\"themify_builder_content-9\" data-postid=\"9\" class=\"themify_builder_content themify_builder_content-9 themify_builder tf_clear\">\n                    <div  data-lazy=\"1\" class=\"module_row themify_builder_row tb_zdr1717 tb_first tf_w\">\n                        <div class=\"row_inner col_align_top tb_col_count_1 tf_box tf_rel\">\n                        <div  data-lazy=\"1\" class=\"module_column tb-column col-full tb_kjg0717 first\">\n                    <!-- module text -->\n<div  class=\"module module-text tb_g1kx211\" data-lazy=\"1\">\n        <div  class=\"tb_text_wrap\">\n        <h1 style=\"text-align: center;\">Kontaktieren Sie uns<\/h1>    <\/div>\n<\/div>\n<!-- \/module text -->        <\/div>\n                        <\/div>\n        <\/div>\n                        <div  data-lazy=\"1\" class=\"module_row themify_builder_row tb_vh24431 tf_w\">\n                        <div class=\"row_inner col_align_top tb_col_count_1 tf_box tf_rel\">\n                        <div  data-lazy=\"1\" class=\"module_column tb-column col-full tb_1za1431 first\">\n                            <\/div>\n                        <\/div>\n        <\/div>\n                        <div  data-css_id=\"9gvs620\" data-lazy=\"1\" class=\"module_row themify_builder_row fullwidth tb_9gvs620 tf_w\">\n                        <div class=\"row_inner col_align_top tb_col_count_1 tf_box tf_rel\">\n                        <div  data-lazy=\"1\" class=\"module_column tb-column col-full tb_e7p3621 first\">\n                            <div  data-lazy=\"1\" class=\"module_subrow themify_builder_sub_row tf_w col_align_top tb_col_count_2 tb_uzz5157\">\n                <div  data-lazy=\"1\" class=\"module_column sub_column col4-2 tb_zvqa157 first\">\n                    <!-- module text -->\n<div  class=\"module module-text tb_d4o9157\" data-lazy=\"1\">\n        <div  class=\"tb_text_wrap\">\n        <div class=\"wp-block-columns are-vertically-aligned-center\" style=\"padding-top: var(--wp--preset--spacing--60); padding-bottom: var(--wp--preset--spacing--60); padding-left: 0;\">\n<div class=\"wp-block-column is-vertically-aligned-center\" style=\"flex-basis: 66.66%;\">\n<div class=\"wp-block-column is-vertically-aligned-center\">\n<h2 class=\"wp-block-heading has-large-font-size\" style=\"font-weight: bold;\"><span style=\"color: #f38f1b;\">BOURGET DU LAC<\/span><\/h2>\n<p><!-- \/wp:heading --><!-- wp:paragraph {\"style\":{\"typography\":{\"fontSize\":\"1.1em\"}}} --><\/p>\n<p style=\"font-size: 1.1em;\">Boulevard du lac,<br>73370 Le Bourget du Lac<\/p>\n<p><!-- \/wp:paragraph --><!-- wp:paragraph {\"style\":{\"typography\":{\"fontSize\":\"1.1em\"}}} --><\/p>\n<p style=\"font-size: 1.1em;\">Telefon : <a href=\"tel:+33781099766\">07 81 09 97 66<\/a><br>E-Mail: <a href=\"mailto:bourget.nautic@gmail.com\">bourget.nautic@gmail.com<\/a><\/p>\n<\/div>\n<\/div>\n<\/div>    <\/div>\n<\/div>\n<!-- \/module text -->        <div  data-lazy=\"1\" class=\"module_subrow themify_builder_sub_row tf_w col_align_top tb_col_count_2 tb_v5gm658\">\n                <div  data-lazy=\"1\" class=\"module_column sub_column col4-2 tb_0n4j658 first\">\n                    <!-- module button pro -->\n<div  id=\"tb_1p91658\" class=\"module module-button tb_1p91658 button-link-external  transparent\" data-lazy=\"1\">\n\t\n    <a  class=\"ui builder_button transparent\" href=\"https:\/\/maps.app.goo.gl\/NrCw2n4pJtCFp6dh9\" target=\"_blank\">\n\t\t\t\t<span>GOOGLE MAPS<\/span>\n    <\/a>\n\n\t\n\t<\/div>\n<!-- \/module button pro -->\n        <\/div>\n                    <div  data-lazy=\"1\" class=\"module_column sub_column col4-2 tb_136z658 last\">\n                    <!-- module button pro -->\n<div  id=\"tb_j4th658\" class=\"module module-button tb_j4th658 button-link-external  transparent\" data-lazy=\"1\">\n\t\n    <a  class=\"ui builder_button transparent\" href=\"https:\/\/waze.com\/ul?ll=45.6564962,5.8591647&amp;navigate=yes\" target=\"_blank\">\n\t\t\t\t<span>WAZE<\/span>\n    <\/a>\n\n\t\n\t<\/div>\n<!-- \/module button pro -->\n        <\/div>\n                    <\/div>\n                <\/div>\n                    <div  data-lazy=\"1\" class=\"module_column sub_column col4-2 tb_oa07157 last\">\n                    <!-- module text -->\n<div  class=\"module module-text tb_a4bt157\" data-lazy=\"1\">\n        <div  class=\"tb_text_wrap\">\n        <div class=\"wp-block-columns are-vertically-aligned-center\" style=\"padding-top: var(--wp--preset--spacing--60); padding-bottom: var(--wp--preset--spacing--60); padding-left: 0;\">\n<div class=\"wp-block-column is-vertically-aligned-center\" style=\"flex-basis: 66.66%;\">\n<div class=\"wp-block-column is-vertically-aligned-center\">\n<h2 class=\"wp-block-heading has-large-font-size\" style=\"font-weight: bold;\"><span style=\"color: #d9195c;\">BRISON-SAINT-INNOCENT<\/span><\/h2>\n<p><!-- \/wp:heading --><!-- wp:paragraph {\"style\":{\"typography\":{\"fontSize\":\"1.1em\"}}} --><\/p>\n<p style=\"font-size: 1.1em;\">Boulevard du lac,<br>73370 Le Bourget du Lac<\/p>\n<p><!-- \/wp:paragraph --><!-- wp:paragraph {\"style\":{\"typography\":{\"fontSize\":\"1.1em\"}}} --><\/p>\n<p style=\"font-size: 1.1em;\">Telefon : <a href=\"tel:+33686096643\">06 86 09 66 43<\/a><br>E-Mail: <a href=\"mailto:brison.nautic@gmail.com\">brison.nautic@gmail.com<\/a><\/p>\n<\/div>\n<\/div>\n<\/div>    <\/div>\n<\/div>\n<!-- \/module text -->        <div  data-lazy=\"1\" class=\"module_subrow themify_builder_sub_row tf_w col_align_top tb_col_count_2 tb_g03w936\">\n                <div  data-lazy=\"1\" class=\"module_column sub_column col4-2 tb_7zzg936 first\">\n                    <!-- module button pro -->\n<div  id=\"tb_6off936\" class=\"module module-button tb_6off936 button-link-external  transparent\" data-lazy=\"1\">\n\t\n    <a  class=\"ui builder_button transparent\" href=\"https:\/\/maps.app.goo.gl\/sdMEZXz8rkTbExD38\" target=\"_blank\">\n\t\t\t\t<span>GOOGLE MAPS<\/span>\n    <\/a>\n\n\t\n\t<\/div>\n<!-- \/module button pro -->\n        <\/div>\n                    <div  data-lazy=\"1\" class=\"module_column sub_column col4-2 tb_wg4z936 last\">\n                    <!-- module button pro -->\n<div  id=\"tb_ns5j936\" class=\"module module-button tb_ns5j936 button-link-external  transparent\" data-lazy=\"1\">\n\t\n    <a  class=\"ui builder_button transparent\" href=\"https:\/\/waze.com\/ul?ll=45.733270,5.867130&amp;navigate=yes\" target=\"_blank\">\n\t\t\t\t<span>WAZE<\/span>\n    <\/a>\n\n\t\n\t<\/div>\n<!-- \/module button pro -->\n        <\/div>\n                    <\/div>\n                <\/div>\n                    <\/div>\n                <div  data-lazy=\"1\" class=\"module_subrow themify_builder_sub_row tf_w col_align_top tb_col_count_1 tb_4pcg999\">\n                <div  data-lazy=\"1\" class=\"module_column sub_column col-full tb_ghi1999 first\">\n                    <!-- module text -->\n<div  class=\"module module-text tb_upet890\" data-lazy=\"1\">\n        <div  class=\"tb_text_wrap\">\n        <div class=\"wp-block-columns are-vertically-aligned-center\" style=\"padding-top: var(--wp--preset--spacing--60); padding-bottom: var(--wp--preset--spacing--60); padding-left: 0;\">\n<div class=\"wp-block-column is-vertically-aligned-center\" style=\"flex-basis: 66.66%;\">\n<p class=\"wp-block-heading\"><strong>M\u00f6chten Sie das Team in diesem Sommer verst\u00e4rken?<\/strong><\/p>\n<p><!-- \/wp:heading --><!-- wp:paragraph --><\/p>\n<p>Du bist jung, dynamisch und hast einen Sinn f\u00fcr Gastfreundschaft? Dann sende uns deinen Lebenslauf!<\/p>\n<\/div>\n<\/div>    <\/div>\n<\/div>\n<!-- \/module text -->        <\/div>\n                    <\/div>\n                <\/div>\n                        <\/div>\n        <\/div>\n                        <div  data-lazy=\"1\" class=\"module_row themify_builder_row tb_l3v4929 tf_w\">\n                        <div class=\"row_inner col_align_top tb_col_count_1 tf_box tf_rel\">\n                        <div  data-lazy=\"1\" class=\"module_column tb-column col-full tb_n4bn929 first\">\n                            <\/div>\n                        <\/div>\n        <\/div>\n        <\/div>\n<!--\/themify_builder_content-->","protected":false},"excerpt":{"rendered":"<p>Nous contacter BOURGET DU LAC Boulevard du lac,73370 Le Bourget du Lac T\u00e9l\u00e9phone : 07 81 09 97 66Email : bourget.nautic@gmail.com GOOGLE MAPS WAZE BRISON-SAINT-INNOCENT Boulevard du lac,73370 Le Bourget du Lac T\u00e9l\u00e9phone : 06 86 09 66 43Email : brison.nautic@gmail.com GOOGLE MAPS WAZE Vous souhaitez rejoindre l&rsquo;\u00e9quipe pour cet \u00e9t\u00e9 ? Tu es jeune, [&hellip;]<\/p>\n","protected":false},"author":1,"featured_media":0,"parent":0,"menu_order":0,"comment_status":"closed","ping_status":"closed","template":"","meta":{"footnotes":""},"class_list":["post-9","page","type-page","status-publish","hentry","has-post-title","has-post-date","has-post-category","has-post-tag","has-post-comment","has-post-author",""],"builder_content":"<h1 style=\"text-align: center;\">Nous contacter<\/h1>\n<h2 style=\"font-weight: bold;\">BOURGET DU LAC<\/h2> <p><\/p> <p style=\"font-size: 1.1em;\">Boulevard du lac,<br>73370 Le Bourget du Lac<\/p> <p><\/p> <p style=\"font-size: 1.1em;\">T\u00e9l\u00e9phone : <a href=\"tel:+33781099766\">07 81 09 97 66<\/a><br>Email : <a href=\"mailto:bourget.nautic@gmail.com\">bourget.nautic@gmail.com<\/a><\/p>\n<a href=\"https:\/\/maps.app.goo.gl\/NrCw2n4pJtCFp6dh9\" target=\"_blank\"> GOOGLE MAPS <\/a>\n<a href=\"https:\/\/waze.com\/ul?ll=45.6564962,5.8591647&amp;navigate=yes\" target=\"_blank\"> WAZE <\/a>\n<h2 style=\"font-weight: bold;\">BRISON-SAINT-INNOCENT<\/h2> <p><\/p> <p style=\"font-size: 1.1em;\">Boulevard du lac,<br>73370 Le Bourget du Lac<\/p> <p><\/p> <p style=\"font-size: 1.1em;\">T\u00e9l\u00e9phone : <a href=\"tel:+33686096643\">06 86 09 66 43<\/a><br>Email : <a href=\"mailto:brison.nautic@gmail.com\">brison.nautic@gmail.com<\/a><\/p>\n<a href=\"https:\/\/maps.app.goo.gl\/sdMEZXz8rkTbExD38\" target=\"_blank\"> GOOGLE MAPS <\/a>\n<a href=\"https:\/\/waze.com\/ul?ll=45.733270,5.867130&amp;navigate=yes\" target=\"_blank\"> WAZE <\/a>\n<p><strong>Vous souhaitez rejoindre l'\u00e9quipe pour cet \u00e9t\u00e9 ?<\/strong><\/p> <p><\/p> <p>Tu es jeune, dynamique et tu as le sens de l'accueil ? Envoie-nous ton CV !<\/p>","_links":{"self":[{"href":"https:\/\/www.bourget-nautic.fr\/de\/wp-json\/wp\/v2\/pages\/9","targetHints":{"allow":["GET"]}}],"collection":[{"href":"https:\/\/www.bourget-nautic.fr\/de\/wp-json\/wp\/v2\/pages"}],"about":[{"href":"https:\/\/www.bourget-nautic.fr\/de\/wp-json\/wp\/v2\/types\/page"}],"author":[{"embeddable":true,"href":"https:\/\/www.bourget-nautic.fr\/de\/wp-json\/wp\/v2\/users\/1"}],"replies":[{"embeddable":true,"href":"https:\/\/www.bourget-nautic.fr\/de\/wp-json\/wp\/v2\/comments?post=9"}],"version-history":[{"count":5,"href":"https:\/\/www.bourget-nautic.fr\/de\/wp-json\/wp\/v2\/pages\/9\/revisions"}],"predecessor-version":[{"id":877,"href":"https:\/\/www.bourget-nautic.fr\/de\/wp-json\/wp\/v2\/pages\/9\/revisions\/877"}],"wp:attachment":[{"href":"https:\/\/www.bourget-nautic.fr\/de\/wp-json\/wp\/v2\/media?parent=9"}],"curies":[{"name":"wp","href":"https:\/\/api.w.org\/{rel}","templated":true}]}}