{"id":121,"date":"2025-05-26T10:16:33","date_gmt":"2025-05-26T08:16:33","guid":{"rendered":"https:\/\/www.bourget-nautic.fr\/?page_id=121"},"modified":"2025-05-26T10:30:42","modified_gmt":"2025-05-26T08:30:42","slug":"under-construction","status":"publish","type":"page","link":"https:\/\/www.bourget-nautic.fr\/en\/en-construction\/","title":{"rendered":"Under construction"},"content":{"rendered":"<!--themify_builder_content-->\n<div id=\"themify_builder_content-121\" data-postid=\"121\" class=\"themify_builder_content themify_builder_content-121 themify_builder tf_clear\">\n                    <div  data-lazy=\"1\" class=\"module_row themify_builder_row tb_2i4s251 tb_first tf_w\">\n                        <div class=\"row_inner col_align_top tb_col_count_1 tf_box tf_rel\">\n                        <div  data-lazy=\"1\" class=\"module_column tb-column col-full tb_eluw252 first\">\n                    <!-- module text -->\n<div  class=\"module module-text tb_64p3690\" data-lazy=\"1\">\n        <div  class=\"tb_text_wrap\">\n        <p><strong>Pedalos and motorboats for hire, with or without a licence.<\/strong><br><br>The Bourget-nautic.fr website is currently being updated, but we are open from 7.30am to 9pm (depending on the weather).<br><br>In the meantime, if you would like to make a reservation or if you have any questions, please contact us at <a href=\"tel:0781099766\">07.81.09.97.66<\/a><\/p>    <\/div>\n<\/div>\n<!-- \/module text -->        <\/div>\n                        <\/div>\n        <\/div>\n        <\/div>\n<!--\/themify_builder_content-->","protected":false},"excerpt":{"rendered":"<p>Location de p\u00e9dalos, bateaux moteur avec ou sans permis. Le site Bourget-nautic.fr est en cours de mise-\u00e0-jour, mais nous sommes bel et bien ouverts de 7h30 \u00e0 21h00 (selon la m\u00e9t\u00e9o). En attendant le nouveau site, si vous souhaitez r\u00e9server ou si vous avez des questions merci de nous contacter au 07.81.09.97.66<\/p>","protected":false},"author":1,"featured_media":0,"parent":0,"menu_order":0,"comment_status":"closed","ping_status":"closed","template":"","meta":{"footnotes":""},"class_list":["post-121","page","type-page","status-publish","hentry","has-post-title","has-post-date","has-post-category","has-post-tag","has-post-comment","has-post-author",""],"builder_content":"<p><strong>Location de p\u00e9dalos, bateaux moteur avec ou sans permis.<\/strong><br><br>Le site Bourget-nautic.fr est en cours de mise-\u00e0-jour, mais nous sommes bel et bien ouverts de 7h30 \u00e0 21h00 (selon la m\u00e9t\u00e9o).<br><br>En attendant le nouveau site, si vous souhaitez r\u00e9server ou si vous avez des questions merci de nous contacter au <a href=\"tel:0781099766\">07.81.09.97.66<\/a><\/p>","_links":{"self":[{"href":"https:\/\/www.bourget-nautic.fr\/en\/wp-json\/wp\/v2\/pages\/121","targetHints":{"allow":["GET"]}}],"collection":[{"href":"https:\/\/www.bourget-nautic.fr\/en\/wp-json\/wp\/v2\/pages"}],"about":[{"href":"https:\/\/www.bourget-nautic.fr\/en\/wp-json\/wp\/v2\/types\/page"}],"author":[{"embeddable":true,"href":"https:\/\/www.bourget-nautic.fr\/en\/wp-json\/wp\/v2\/users\/1"}],"replies":[{"embeddable":true,"href":"https:\/\/www.bourget-nautic.fr\/en\/wp-json\/wp\/v2\/comments?post=121"}],"version-history":[{"count":5,"href":"https:\/\/www.bourget-nautic.fr\/en\/wp-json\/wp\/v2\/pages\/121\/revisions"}],"predecessor-version":[{"id":133,"href":"https:\/\/www.bourget-nautic.fr\/en\/wp-json\/wp\/v2\/pages\/121\/revisions\/133"}],"wp:attachment":[{"href":"https:\/\/www.bourget-nautic.fr\/en\/wp-json\/wp\/v2\/media?parent=121"}],"curies":[{"name":"wp","href":"https:\/\/api.w.org\/{rel}","templated":true}]}}