{"id":135,"date":"2025-05-26T10:34:15","date_gmt":"2025-05-26T08:34:15","guid":{"rendered":"https:\/\/www.bourget-nautic.fr\/?page_id=135"},"modified":"2025-05-27T09:04:21","modified_gmt":"2025-05-27T07:04:21","slug":"legal-information","status":"publish","type":"page","link":"https:\/\/www.bourget-nautic.fr\/en\/mentions-legales\/","title":{"rendered":"Legal information"},"content":{"rendered":"<!--themify_builder_content-->\n<div id=\"themify_builder_content-135\" data-postid=\"135\" class=\"themify_builder_content themify_builder_content-135 themify_builder tf_clear\">\n                    <div  data-css_id=\"8o6m185\" data-lazy=\"1\" class=\"module_row themify_builder_row fullwidth tb_8o6m185 tb_first tf_w\">\n                        <div class=\"row_inner col_align_top tb_col_count_1 tf_box tf_rel\">\n                        <div  data-lazy=\"1\" class=\"module_column tb-column col-full tb_s9w9185 first\">\n                    <!-- module text -->\n<div  class=\"module module-text tb_e8wk185\" data-lazy=\"1\">\n        <div  class=\"tb_text_wrap\">\n        <h1 style=\"text-align: center;\">LEGAL NOTICES<\/h1>    <\/div>\n<\/div>\n<!-- \/module text --><!-- module text -->\n<div  class=\"module module-text tb_yxht185\" data-lazy=\"1\">\n        <div  class=\"tb_text_wrap\">\n        <p style=\"text-align: center;\">Owner of this site<\/p>    <\/div>\n<\/div>\n<!-- \/module text -->        <\/div>\n                        <\/div>\n        <\/div>\n                        <div  data-lazy=\"1\" class=\"module_row themify_builder_row tb_vfof185 tf_w\">\n                        <div class=\"row_inner col_align_top tb_col_count_1 tf_box tf_rel\">\n                        <div  data-lazy=\"1\" class=\"module_column tb-column col-full tb_3rjt185 first\">\n                    <!-- module text -->\n<div  class=\"module module-text tb_r86h185    wow\" data-tf-animation=\"fadeInUp\" data-lazy=\"1\">\n        <div  class=\"tb_text_wrap\">\n        <p>Please read these terms of use carefully before using this site. By connecting to this site, you accept these terms and conditions without reservation. Also, in accordance with Article 6 of Law No. 2004-575 of 21 June 2004 on confidence in the digital economy, the persons responsible for this websitebouret-nautic.fr are :<\/p>\n<h3><strong>BOURGET NAUTIC<\/strong><\/h3>\n<p>SIRET number: 895 269 702 R.C.S. Chamb\u00e9ry<br>Editorial manager: NGUYEN Tom<br>Email : contact@bourget-nautic.fr<br>Website: www.bourget-nautic.fr<\/p>\n<h3><strong>Accommodation :<\/strong><\/h3>\n<p>OVH - 2 rue Kellermann - 59100 Roubaix - France<br>Website: www.ovh.com<\/p>\n<h3><strong>Development :<\/strong><\/h3>\n<p>Web design : DDM3 - ddm3.com<\/p>    <\/div>\n<\/div>\n<!-- \/module text -->        <\/div>\n                        <\/div>\n        <\/div>\n                        <div  data-lazy=\"1\" class=\"module_row themify_builder_row tb_d9gh185 tf_w\">\n                        <div class=\"row_inner col_align_top tb_col_count_1 tf_box tf_rel\">\n                        <div  data-lazy=\"1\" class=\"module_column tb-column col-full tb_51id185 first\">\n                            <\/div>\n                        <\/div>\n        <\/div>\n        <\/div>\n<!--\/themify_builder_content-->","protected":false},"excerpt":{"rendered":"<p>MENTIONS L\u00c9GALES Propri\u00e9taire de ce site Merci de lire avec attention les diff\u00e9rentes modalit\u00e9s d\u2019utilisation du pr\u00e9sent site avant d\u2019y parcourir ses pages. En vous connectant sur ce site, vous acceptez sans r\u00e9serves les pr\u00e9sentes modalit\u00e9s. Aussi, conform\u00e9ment \u00e0 l\u2019article n\u00b06 de la Loi n\u00b02004-575 du 21 Juin 2004 pour la confiance dans l\u2019\u00e9conomie num\u00e9rique, [&hellip;]<\/p>\n","protected":false},"author":1,"featured_media":0,"parent":0,"menu_order":0,"comment_status":"closed","ping_status":"closed","template":"","meta":{"footnotes":""},"class_list":["post-135","page","type-page","status-publish","hentry","has-post-title","has-post-date","has-post-category","has-post-tag","has-post-comment","has-post-author",""],"builder_content":"<h1 style=\"text-align: center;\">MENTIONS L\u00c9GALES<\/h1>\n<p style=\"text-align: center;\">Propri\u00e9taire de ce site<\/p>\n<p>Merci de lire avec attention les diff\u00e9rentes modalit\u00e9s d\u2019utilisation du pr\u00e9sent site avant d\u2019y parcourir ses pages. En vous connectant sur ce site, vous acceptez sans r\u00e9serves les pr\u00e9sentes modalit\u00e9s. Aussi, conform\u00e9ment \u00e0 l\u2019article n\u00b06 de la Loi n\u00b02004-575 du 21 Juin 2004 pour la confiance dans l\u2019\u00e9conomie num\u00e9rique, les responsables du pr\u00e9sent site internetbouret-nautic.fr sont :<\/p> <h3><strong>BOURGET NAUTIC<\/strong><\/h3> <p>Num\u00e9ro SIRET : 895 269 702 R.C.S. Chamb\u00e9ry<br>Responsable \u00e9ditorial : NGUYEN Tom<br>Email : contact@bourget-nautic.fr<br>Site Web : www.bourget-nautic.fr<\/p> <h3><strong>H\u00e9bergement :<\/strong><\/h3> <p>OVH \u2013 2 rue Kellermann \u2013 59100 Roubaix \u2013 France<br>Site Web : www.ovh.com<\/p> <h3><strong>D\u00e9veloppement :<\/strong><\/h3> <p>Web design : DDM3 \u2013 ddm3.com<\/p>","_links":{"self":[{"href":"https:\/\/www.bourget-nautic.fr\/en\/wp-json\/wp\/v2\/pages\/135","targetHints":{"allow":["GET"]}}],"collection":[{"href":"https:\/\/www.bourget-nautic.fr\/en\/wp-json\/wp\/v2\/pages"}],"about":[{"href":"https:\/\/www.bourget-nautic.fr\/en\/wp-json\/wp\/v2\/types\/page"}],"author":[{"embeddable":true,"href":"https:\/\/www.bourget-nautic.fr\/en\/wp-json\/wp\/v2\/users\/1"}],"replies":[{"embeddable":true,"href":"https:\/\/www.bourget-nautic.fr\/en\/wp-json\/wp\/v2\/comments?post=135"}],"version-history":[{"count":5,"href":"https:\/\/www.bourget-nautic.fr\/en\/wp-json\/wp\/v2\/pages\/135\/revisions"}],"predecessor-version":[{"id":649,"href":"https:\/\/www.bourget-nautic.fr\/en\/wp-json\/wp\/v2\/pages\/135\/revisions\/649"}],"wp:attachment":[{"href":"https:\/\/www.bourget-nautic.fr\/en\/wp-json\/wp\/v2\/media?parent=135"}],"curies":[{"name":"wp","href":"https:\/\/api.w.org\/{rel}","templated":true}]}}